{"id":976,"date":"2021-05-17T11:55:06","date_gmt":"2021-05-17T09:55:06","guid":{"rendered":"http:\/\/urbpxqo.cluster030.hosting.ovh.net\/bm1206756-ovh\/?page_id=976"},"modified":"2024-05-19T10:35:51","modified_gmt":"2024-05-19T08:35:51","slug":"ai-je-besoin-dun-certificat-medical","status":"publish","type":"page","link":"https:\/\/asl-stpryve.fr\/index.php\/ai-je-besoin-dun-certificat-medical\/","title":{"rendered":"Ai-je besoin d&#8217;un certificat m\u00e9dical ?"},"content":{"rendered":"\n<h2 class=\"wp-block-heading\">Le Certificat M\u00e9dical n&#8217;est pas obligatoire. En revanche, il doit \u00eatre pr\u00e9sent\u00e9 sous certaines conditions.<\/h2>\n\n\n\n<p>Le Questionnaire de Sant\u00e9 ins\u00e9r\u00e9 dans notre formulaire d\u2019inscription permet de savoir si vous devez fournir un certificat m\u00e9dical pour renouveler votre licence sportive :<\/p>\n\n\n\n<ul class=\"wp-block-list\">\n<li>En cas de OUI \u00e0 une seule des questions dans la rubrique correspondante du formulaire d\u2019inscription, vous devez faire \u00e9tablir un nouveau certificat m\u00e9dical, m\u00eame si vous avez d\u00e9j\u00e0 pr\u00e9sent\u00e9 un certificat m\u00e9dical lors d&#8217;une pr\u00e9c\u00e9dente demande de licence,<\/li>\n\n\n\n<li>En cas de NON \u00e0 toutes les questions, le formulaire d\u2019inscription apr\u00e8s enregistrement mentionnera que vous avez r\u00e9pondu par la n\u00e9gative \u00e0 chacune des rubriques du questionnaire sant\u00e9.<\/li>\n<\/ul>\n\n\n\n<p>En cas de r\u00e9ponse positive au questionnaire et en l\u2019absence de production du certificat m\u00e9dical de non contre-indication, l\u2019association se verra dans l\u2019obligation de refuser l\u2019acc\u00e8s de l\u2019adh\u00e9rent aux activit\u00e9s.<\/p>\n\n\n\n<p>Cliquez sur le lien pour t\u00e9l\u00e9charger le formulaire qui vous concerne. <\/p>\n\n\n\n<div class=\"wp-block-buttons is-layout-flex wp-block-buttons-is-layout-flex\">\n<div class=\"wp-block-button\"><a class=\"wp-block-button__link wp-element-button\" href=\"https:\/\/asl-stpryve.fr\/wp-content\/uploads\/2022\/07\/Annexe-1-Questionnaire-de-sante\u0301-pour-le-sportif-majeur-2022-3.pdf\" target=\"_blank\" rel=\"noreferrer noopener\">JE suis MAJEUR et licenci\u00e9 EPGV (gym et marche)<\/a><\/div>\n<\/div>\n\n\n\n<div class=\"wp-block-buttons is-layout-flex wp-block-buttons-is-layout-flex\">\n<div class=\"wp-block-button\"><a class=\"wp-block-button__link wp-element-button\" href=\"https:\/\/asl-stpryve.fr\/wp-content\/uploads\/2022\/07\/Annexe-2-Questionnaire-de-sante\u0301-pour-le-sportif-mineur-2022.pdf\" target=\"_blank\" rel=\"noreferrer noopener\">JE suis MINEUR et licenci\u00e9 EPGV (gym et marche)<\/a><\/div>\n<\/div>\n\n\n\n<div class=\"wp-block-buttons is-layout-flex wp-block-buttons-is-layout-flex\">\n<div class=\"wp-block-button\"><a class=\"wp-block-button__link wp-element-button\" href=\"https:\/\/asl-stpryve.fr\/wp-content\/uploads\/2022\/07\/QS-SPORT-cerfa_15699-1.pdf\" target=\"_blank\" rel=\"noreferrer noopener\">JE SUIS MAJEUR ET LICENCI\u00c9 JUDO<\/a><\/div>\n<\/div>\n\n\n\n<div class=\"wp-block-buttons is-layout-flex wp-block-buttons-is-layout-flex\">\n<div class=\"wp-block-button\"><a class=\"wp-block-button__link wp-element-button\" href=\"https:\/\/asl-stpryve.fr\/wp-content\/uploads\/2022\/07\/QUESTIONNAIRE_MINEUR-1.pdf\" target=\"_blank\" rel=\"noreferrer noopener\">JE SUIS MINEUR ET LICENCI\u00c9 JUDO<\/a><\/div>\n<\/div>\n\n\n\n<p>Le d\u00e9cret n\u00b0\u00a02021-564 du 7 mai 2021 pr\u00e9voit qu\u2019il n\u2019est d\u00e9sormais plus n\u00e9cessaire, pour les mineurs, de produire un certificat m\u00e9dical pour l\u2019obtention ou le renouvellement d\u2019une licence dans une f\u00e9d\u00e9ration sportive ou pour l\u2019inscription \u00e0 une comp\u00e9tition sportive organis\u00e9e par une f\u00e9d\u00e9ration.\u00a0<strong>La production d\u2019un tel certificat demeure toutefois n\u00e9cessaire lorsque les r\u00e9ponses au questionnaire de sant\u00e9 du mineur conduisent \u00e0 un examen m\u00e9dical, mais \u00e9galement pour les disciplines \u00e0 contraintes particuli\u00e8res<\/strong>. <\/p>\n","protected":false},"excerpt":{"rendered":"<p>Le Certificat M\u00e9dical n&#8217;est pas obligatoire. En revanche, il doit \u00eatre pr\u00e9sent\u00e9 sous certaines conditions. Le Questionnaire de Sant\u00e9 ins\u00e9r\u00e9 [&hellip;]<\/p>\n","protected":false},"author":1,"featured_media":0,"parent":0,"menu_order":0,"comment_status":"closed","ping_status":"closed","template":"","meta":{"site-sidebar-layout":"default","site-content-layout":"","ast-site-content-layout":"default","site-content-style":"default","site-sidebar-style":"default","ast-global-header-display":"","ast-banner-title-visibility":"","ast-main-header-display":"","ast-hfb-above-header-display":"","ast-hfb-below-header-display":"","ast-hfb-mobile-header-display":"","site-post-title":"","ast-breadcrumbs-content":"","ast-featured-img":"","footer-sml-layout":"","ast-disable-related-posts":"","theme-transparent-header-meta":"","adv-header-id-meta":"","stick-header-meta":"","header-above-stick-meta":"","header-main-stick-meta":"","header-below-stick-meta":"","astra-migrate-meta-layouts":"default","ast-page-background-enabled":"default","ast-page-background-meta":{"desktop":{"background-color":"var(--ast-global-color-5)","background-image":"","background-repeat":"repeat","background-position":"center center","background-size":"auto","background-attachment":"scroll","background-type":"","background-media":"","overlay-type":"","overlay-color":"","overlay-opacity":"","overlay-gradient":""},"tablet":{"background-color":"","background-image":"","background-repeat":"repeat","background-position":"center center","background-size":"auto","background-attachment":"scroll","background-type":"","background-media":"","overlay-type":"","overlay-color":"","overlay-opacity":"","overlay-gradient":""},"mobile":{"background-color":"","background-image":"","background-repeat":"repeat","background-position":"center center","background-size":"auto","background-attachment":"scroll","background-type":"","background-media":"","overlay-type":"","overlay-color":"","overlay-opacity":"","overlay-gradient":""}},"ast-content-background-meta":{"desktop":{"background-color":"var(--ast-global-color-4)","background-image":"","background-repeat":"repeat","background-position":"center center","background-size":"auto","background-attachment":"scroll","background-type":"","background-media":"","overlay-type":"","overlay-color":"","overlay-opacity":"","overlay-gradient":""},"tablet":{"background-color":"var(--ast-global-color-4)","background-image":"","background-repeat":"repeat","background-position":"center center","background-size":"auto","background-attachment":"scroll","background-type":"","background-media":"","overlay-type":"","overlay-color":"","overlay-opacity":"","overlay-gradient":""},"mobile":{"background-color":"var(--ast-global-color-4)","background-image":"","background-repeat":"repeat","background-position":"center center","background-size":"auto","background-attachment":"scroll","background-type":"","background-media":"","overlay-type":"","overlay-color":"","overlay-opacity":"","overlay-gradient":""}},"footnotes":""},"class_list":["post-976","page","type-page","status-publish","hentry"],"jetpack_sharing_enabled":true,"_links":{"self":[{"href":"https:\/\/asl-stpryve.fr\/index.php\/wp-json\/wp\/v2\/pages\/976","targetHints":{"allow":["GET"]}}],"collection":[{"href":"https:\/\/asl-stpryve.fr\/index.php\/wp-json\/wp\/v2\/pages"}],"about":[{"href":"https:\/\/asl-stpryve.fr\/index.php\/wp-json\/wp\/v2\/types\/page"}],"author":[{"embeddable":true,"href":"https:\/\/asl-stpryve.fr\/index.php\/wp-json\/wp\/v2\/users\/1"}],"replies":[{"embeddable":true,"href":"https:\/\/asl-stpryve.fr\/index.php\/wp-json\/wp\/v2\/comments?post=976"}],"version-history":[{"count":22,"href":"https:\/\/asl-stpryve.fr\/index.php\/wp-json\/wp\/v2\/pages\/976\/revisions"}],"predecessor-version":[{"id":2707,"href":"https:\/\/asl-stpryve.fr\/index.php\/wp-json\/wp\/v2\/pages\/976\/revisions\/2707"}],"wp:attachment":[{"href":"https:\/\/asl-stpryve.fr\/index.php\/wp-json\/wp\/v2\/media?parent=976"}],"curies":[{"name":"wp","href":"https:\/\/api.w.org\/{rel}","templated":true}]}}