{"id":691,"date":"2021-05-02T10:17:25","date_gmt":"2021-05-02T08:17:25","guid":{"rendered":"http:\/\/urbpxqo.cluster030.hosting.ovh.net\/bm1206756-ovh\/?page_id=691"},"modified":"2025-11-14T15:04:33","modified_gmt":"2025-11-14T14:04:33","slug":"bureau","status":"publish","type":"page","link":"https:\/\/asl-stpryve.fr\/index.php\/vie-associative\/bureau\/","title":{"rendered":"Le Bureau"},"content":{"rendered":"\n<p class=\"has-large-font-size\">Le Bureau se compose de 5 membres :<\/p>\n\n\n\n<div class=\"wp-block-columns is-layout-flex wp-container-core-columns-is-layout-28f84493 wp-block-columns-is-layout-flex\">\n<div class=\"wp-block-column is-layout-flow wp-block-column-is-layout-flow\">\n<figure class=\"wp-block-image size-large\"><img data-recalc-dims=\"1\" loading=\"lazy\" decoding=\"async\" width=\"800\" height=\"800\" src=\"https:\/\/i0.wp.com\/asl-stpryve.fr\/wp-content\/uploads\/2024\/03\/4-3.png?resize=800%2C800&#038;ssl=1\" alt=\"\" class=\"wp-image-2616\" srcset=\"https:\/\/i0.wp.com\/asl-stpryve.fr\/wp-content\/uploads\/2024\/03\/4-3.png?resize=800%2C800&amp;ssl=1 800w, https:\/\/i0.wp.com\/asl-stpryve.fr\/wp-content\/uploads\/2024\/03\/4-3.png?resize=300%2C300&amp;ssl=1 300w, https:\/\/i0.wp.com\/asl-stpryve.fr\/wp-content\/uploads\/2024\/03\/4-3.png?resize=150%2C150&amp;ssl=1 150w, https:\/\/i0.wp.com\/asl-stpryve.fr\/wp-content\/uploads\/2024\/03\/4-3.png?resize=768%2C768&amp;ssl=1 768w, https:\/\/i0.wp.com\/asl-stpryve.fr\/wp-content\/uploads\/2024\/03\/4-3.png?w=1080&amp;ssl=1 1080w\" sizes=\"auto, (max-width: 800px) 100vw, 800px\" \/><\/figure>\n\n\n\n<p>Laurence GOUMAIN<\/p>\n\n\n\n<p>Pr\u00e9sidente<\/p>\n<\/div>\n\n\n\n<div class=\"wp-block-column is-layout-flow wp-block-column-is-layout-flow\">\n<figure class=\"wp-block-image size-large\"><img data-recalc-dims=\"1\" loading=\"lazy\" decoding=\"async\" width=\"800\" height=\"800\" src=\"https:\/\/i0.wp.com\/asl-stpryve.fr\/wp-content\/uploads\/2024\/03\/1-3.png?resize=800%2C800&#038;ssl=1\" alt=\"\" class=\"wp-image-2613\" srcset=\"https:\/\/i0.wp.com\/asl-stpryve.fr\/wp-content\/uploads\/2024\/03\/1-3.png?resize=800%2C800&amp;ssl=1 800w, https:\/\/i0.wp.com\/asl-stpryve.fr\/wp-content\/uploads\/2024\/03\/1-3.png?resize=300%2C300&amp;ssl=1 300w, https:\/\/i0.wp.com\/asl-stpryve.fr\/wp-content\/uploads\/2024\/03\/1-3.png?resize=150%2C150&amp;ssl=1 150w, https:\/\/i0.wp.com\/asl-stpryve.fr\/wp-content\/uploads\/2024\/03\/1-3.png?resize=768%2C768&amp;ssl=1 768w, https:\/\/i0.wp.com\/asl-stpryve.fr\/wp-content\/uploads\/2024\/03\/1-3.png?w=1080&amp;ssl=1 1080w\" sizes=\"auto, (max-width: 800px) 100vw, 800px\" \/><\/figure>\n\n\n\n<p>Pascal RETHOR\u00c9<\/p>\n\n\n\n<p>Vice-pr\u00e9sident<\/p>\n<\/div>\n\n\n\n<div class=\"wp-block-column is-layout-flow wp-block-column-is-layout-flow\">\n<figure class=\"wp-block-image size-large\"><img data-recalc-dims=\"1\" loading=\"lazy\" decoding=\"async\" width=\"800\" height=\"800\" src=\"https:\/\/i0.wp.com\/asl-stpryve.fr\/wp-content\/uploads\/2024\/03\/3-3.png?resize=800%2C800&#038;ssl=1\" alt=\"\" class=\"wp-image-2615\" srcset=\"https:\/\/i0.wp.com\/asl-stpryve.fr\/wp-content\/uploads\/2024\/03\/3-3.png?resize=800%2C800&amp;ssl=1 800w, https:\/\/i0.wp.com\/asl-stpryve.fr\/wp-content\/uploads\/2024\/03\/3-3.png?resize=300%2C300&amp;ssl=1 300w, https:\/\/i0.wp.com\/asl-stpryve.fr\/wp-content\/uploads\/2024\/03\/3-3.png?resize=150%2C150&amp;ssl=1 150w, https:\/\/i0.wp.com\/asl-stpryve.fr\/wp-content\/uploads\/2024\/03\/3-3.png?resize=768%2C768&amp;ssl=1 768w, https:\/\/i0.wp.com\/asl-stpryve.fr\/wp-content\/uploads\/2024\/03\/3-3.png?w=1080&amp;ssl=1 1080w\" sizes=\"auto, (max-width: 800px) 100vw, 800px\" \/><\/figure>\n\n\n\n<p>Daniel B\u00c9QUIGNON<\/p>\n\n\n\n<p>Tr\u00e9sorier<\/p>\n<\/div>\n<\/div>\n\n\n\n<div class=\"wp-block-columns is-layout-flex wp-container-core-columns-is-layout-28f84493 wp-block-columns-is-layout-flex\">\n<div class=\"wp-block-column is-layout-flow wp-block-column-is-layout-flow\">\n<figure class=\"wp-block-image size-large\"><img data-recalc-dims=\"1\" loading=\"lazy\" decoding=\"async\" width=\"800\" height=\"800\" src=\"https:\/\/i0.wp.com\/asl-stpryve.fr\/wp-content\/uploads\/2024\/03\/Design-sans-titre.png?resize=800%2C800&#038;ssl=1\" alt=\"\" class=\"wp-image-2617\" srcset=\"https:\/\/i0.wp.com\/asl-stpryve.fr\/wp-content\/uploads\/2024\/03\/Design-sans-titre.png?resize=800%2C800&amp;ssl=1 800w, https:\/\/i0.wp.com\/asl-stpryve.fr\/wp-content\/uploads\/2024\/03\/Design-sans-titre.png?resize=300%2C300&amp;ssl=1 300w, https:\/\/i0.wp.com\/asl-stpryve.fr\/wp-content\/uploads\/2024\/03\/Design-sans-titre.png?resize=150%2C150&amp;ssl=1 150w, https:\/\/i0.wp.com\/asl-stpryve.fr\/wp-content\/uploads\/2024\/03\/Design-sans-titre.png?resize=768%2C768&amp;ssl=1 768w, https:\/\/i0.wp.com\/asl-stpryve.fr\/wp-content\/uploads\/2024\/03\/Design-sans-titre.png?w=1080&amp;ssl=1 1080w\" sizes=\"auto, (max-width: 800px) 100vw, 800px\" \/><\/figure>\n\n\n\n<p>Caroline CHAPURON<\/p>\n\n\n\n<p>Secr\u00e9taire<\/p>\n<\/div>\n\n\n\n<div class=\"wp-block-column is-layout-flow wp-block-column-is-layout-flow\">\n<figure class=\"wp-block-image size-large\"><img data-recalc-dims=\"1\" loading=\"lazy\" decoding=\"async\" width=\"800\" height=\"800\" src=\"https:\/\/i0.wp.com\/asl-stpryve.fr\/wp-content\/uploads\/2025\/01\/Design-sans-titre.png?resize=800%2C800&#038;ssl=1\" alt=\"\" class=\"wp-image-3238\" srcset=\"https:\/\/i0.wp.com\/asl-stpryve.fr\/wp-content\/uploads\/2025\/01\/Design-sans-titre.png?resize=800%2C800&amp;ssl=1 800w, https:\/\/i0.wp.com\/asl-stpryve.fr\/wp-content\/uploads\/2025\/01\/Design-sans-titre.png?resize=300%2C300&amp;ssl=1 300w, https:\/\/i0.wp.com\/asl-stpryve.fr\/wp-content\/uploads\/2025\/01\/Design-sans-titre.png?resize=150%2C150&amp;ssl=1 150w, https:\/\/i0.wp.com\/asl-stpryve.fr\/wp-content\/uploads\/2025\/01\/Design-sans-titre.png?resize=768%2C768&amp;ssl=1 768w, https:\/\/i0.wp.com\/asl-stpryve.fr\/wp-content\/uploads\/2025\/01\/Design-sans-titre.png?w=1080&amp;ssl=1 1080w\" sizes=\"auto, (max-width: 800px) 100vw, 800px\" \/><\/figure>\n\n\n\n<p>Elisabeth PARROD<\/p>\n\n\n\n<p>Secr\u00e9taire adjointe<\/p>\n<\/div>\n\n\n\n<div class=\"wp-block-column is-layout-flow wp-block-column-is-layout-flow\">\n<p><\/p>\n\n\n\n<p><\/p>\n<\/div>\n<\/div>\n","protected":false},"excerpt":{"rendered":"<p>Le Bureau se compose de 5 membres : Laurence GOUMAIN Pr\u00e9sidente Pascal RETHOR\u00c9 Vice-pr\u00e9sident Daniel B\u00c9QUIGNON Tr\u00e9sorier Caroline CHAPURON Secr\u00e9taire [&hellip;]<\/p>\n","protected":false},"author":1,"featured_media":0,"parent":689,"menu_order":0,"comment_status":"closed","ping_status":"closed","template":"","meta":{"site-sidebar-layout":"default","site-content-layout":"","ast-site-content-layout":"default","site-content-style":"default","site-sidebar-style":"default","ast-global-header-display":"","ast-banner-title-visibility":"","ast-main-header-display":"","ast-hfb-above-header-display":"","ast-hfb-below-header-display":"","ast-hfb-mobile-header-display":"","site-post-title":"","ast-breadcrumbs-content":"","ast-featured-img":"","footer-sml-layout":"","ast-disable-related-posts":"","theme-transparent-header-meta":"","adv-header-id-meta":"","stick-header-meta":"","header-above-stick-meta":"","header-main-stick-meta":"","header-below-stick-meta":"","astra-migrate-meta-layouts":"default","ast-page-background-enabled":"default","ast-page-background-meta":{"desktop":{"background-color":"var(--ast-global-color-5)","background-image":"","background-repeat":"repeat","background-position":"center center","background-size":"auto","background-attachment":"scroll","background-type":"","background-media":"","overlay-type":"","overlay-color":"","overlay-opacity":"","overlay-gradient":""},"tablet":{"background-color":"","background-image":"","background-repeat":"repeat","background-position":"center center","background-size":"auto","background-attachment":"scroll","background-type":"","background-media":"","overlay-type":"","overlay-color":"","overlay-opacity":"","overlay-gradient":""},"mobile":{"background-color":"","background-image":"","background-repeat":"repeat","background-position":"center center","background-size":"auto","background-attachment":"scroll","background-type":"","background-media":"","overlay-type":"","overlay-color":"","overlay-opacity":"","overlay-gradient":""}},"ast-content-background-meta":{"desktop":{"background-color":"var(--ast-global-color-4)","background-image":"","background-repeat":"repeat","background-position":"center center","background-size":"auto","background-attachment":"scroll","background-type":"","background-media":"","overlay-type":"","overlay-color":"","overlay-opacity":"","overlay-gradient":""},"tablet":{"background-color":"var(--ast-global-color-4)","background-image":"","background-repeat":"repeat","background-position":"center center","background-size":"auto","background-attachment":"scroll","background-type":"","background-media":"","overlay-type":"","overlay-color":"","overlay-opacity":"","overlay-gradient":""},"mobile":{"background-color":"var(--ast-global-color-4)","background-image":"","background-repeat":"repeat","background-position":"center center","background-size":"auto","background-attachment":"scroll","background-type":"","background-media":"","overlay-type":"","overlay-color":"","overlay-opacity":"","overlay-gradient":""}},"footnotes":""},"class_list":["post-691","page","type-page","status-publish","hentry"],"jetpack_sharing_enabled":true,"_links":{"self":[{"href":"https:\/\/asl-stpryve.fr\/index.php\/wp-json\/wp\/v2\/pages\/691","targetHints":{"allow":["GET"]}}],"collection":[{"href":"https:\/\/asl-stpryve.fr\/index.php\/wp-json\/wp\/v2\/pages"}],"about":[{"href":"https:\/\/asl-stpryve.fr\/index.php\/wp-json\/wp\/v2\/types\/page"}],"author":[{"embeddable":true,"href":"https:\/\/asl-stpryve.fr\/index.php\/wp-json\/wp\/v2\/users\/1"}],"replies":[{"embeddable":true,"href":"https:\/\/asl-stpryve.fr\/index.php\/wp-json\/wp\/v2\/comments?post=691"}],"version-history":[{"count":26,"href":"https:\/\/asl-stpryve.fr\/index.php\/wp-json\/wp\/v2\/pages\/691\/revisions"}],"predecessor-version":[{"id":3833,"href":"https:\/\/asl-stpryve.fr\/index.php\/wp-json\/wp\/v2\/pages\/691\/revisions\/3833"}],"up":[{"embeddable":true,"href":"https:\/\/asl-stpryve.fr\/index.php\/wp-json\/wp\/v2\/pages\/689"}],"wp:attachment":[{"href":"https:\/\/asl-stpryve.fr\/index.php\/wp-json\/wp\/v2\/media?parent=691"}],"curies":[{"name":"wp","href":"https:\/\/api.w.org\/{rel}","templated":true}]}}