{"id":689,"date":"2021-05-02T10:16:35","date_gmt":"2021-05-02T08:16:35","guid":{"rendered":"http:\/\/urbpxqo.cluster030.hosting.ovh.net\/bm1206756-ovh\/?page_id=689"},"modified":"2024-05-29T16:18:12","modified_gmt":"2024-05-29T14:18:12","slug":"vie-associative","status":"publish","type":"page","link":"https:\/\/asl-stpryve.fr\/index.php\/vie-associative\/","title":{"rendered":"Vie associative"},"content":{"rendered":"\n<p>L&#8217;Association Sports et Loisirs a \u00e9t\u00e9 cr\u00e9\u00e9e le 4 d\u00e9cembre 1975. Elle compte aujourd\u2019hui <strong>pr\u00e8s de 700 adh\u00e9rents.<\/strong><\/p>\n\n\n\n<p>Notre association est compos\u00e9e d\u2019un Conseil d\u2019Administration de plusieurs b\u00e9n\u00e9voles, chacun offrant son temps, ses comp\u00e9tences et son \u00e9nergie pour soutenir et d\u00e9velopper les activit\u00e9s de l&#8217;association. \u00c0 la t\u00eate de ce Conseil se trouve un bureau. Ensemble, nous travaillons pour r\u00e9aliser nos objectifs et servir notre communaut\u00e9 avec d\u00e9vouement et int\u00e9grit\u00e9.<\/p>\n\n\n\n<h2 class=\"wp-block-heading\">Qu&#8217;est-ce que l&#8217;ASL ? <\/h2>\n\n\n\n<p><strong>L\u2019A.S.L<\/strong>., c\u2019est plus de 30 activit\u00e9s diff\u00e9rentes par semaine :<\/p>\n\n\n\n<ul class=\"wp-block-list\">\n<li><strong>Activit\u00e9s Sportives<\/strong> : Body Fit, Cuisses Fessiers Abdominaux, Gymnastique Sportive, Gymnastique Volontaire, Judo, Marche Nordique, Pilates, Stretching, Renfort Musculaire, Cardio, Muscu-Stretch, Step<\/li>\n\n\n\n<li><strong>Activit\u00e9s D\u00e9tente <\/strong>: Gym Douce, Qi Gong, Yoga<\/li>\n\n\n\n<li><strong>Activit\u00e9s Sport-sant\u00e9 <\/strong>:  Gym Douce S\u00e9niors, Sophrologie, Stretching et mobilisation articulaire, Pilates Soft, Yoga S\u00e9niors, Equilibre Corps et mental<\/li>\n\n\n\n<li><strong>Activit\u00e9s Danses<\/strong> : Danse en Ligne, Hip Hop, Zumba<\/li>\n\n\n\n<li><strong>Activit\u00e9 manuelle<\/strong> : Scrapbooking<\/li>\n<\/ul>\n\n\n\n<h2 class=\"wp-block-heading\">Qu&#8217;attendez-vous pour nous rejoindre ? <\/h2>\n","protected":false},"excerpt":{"rendered":"<p>L&#8217;Association Sports et Loisirs a \u00e9t\u00e9 cr\u00e9\u00e9e le 4 d\u00e9cembre 1975. Elle compte aujourd\u2019hui pr\u00e8s de 700 adh\u00e9rents. Notre association [&hellip;]<\/p>\n","protected":false},"author":1,"featured_media":796,"parent":0,"menu_order":0,"comment_status":"closed","ping_status":"closed","template":"","meta":{"site-sidebar-layout":"default","site-content-layout":"","ast-site-content-layout":"default","site-content-style":"default","site-sidebar-style":"default","ast-global-header-display":"","ast-banner-title-visibility":"","ast-main-header-display":"","ast-hfb-above-header-display":"","ast-hfb-below-header-display":"","ast-hfb-mobile-header-display":"","site-post-title":"","ast-breadcrumbs-content":"","ast-featured-img":"","footer-sml-layout":"","ast-disable-related-posts":"","theme-transparent-header-meta":"","adv-header-id-meta":"","stick-header-meta":"","header-above-stick-meta":"","header-main-stick-meta":"","header-below-stick-meta":"","astra-migrate-meta-layouts":"default","ast-page-background-enabled":"default","ast-page-background-meta":{"desktop":{"background-color":"var(--ast-global-color-5)","background-image":"","background-repeat":"repeat","background-position":"center center","background-size":"auto","background-attachment":"scroll","background-type":"","background-media":"","overlay-type":"","overlay-color":"","overlay-opacity":"","overlay-gradient":""},"tablet":{"background-color":"","background-image":"","background-repeat":"repeat","background-position":"center center","background-size":"auto","background-attachment":"scroll","background-type":"","background-media":"","overlay-type":"","overlay-color":"","overlay-opacity":"","overlay-gradient":""},"mobile":{"background-color":"","background-image":"","background-repeat":"repeat","background-position":"center center","background-size":"auto","background-attachment":"scroll","background-type":"","background-media":"","overlay-type":"","overlay-color":"","overlay-opacity":"","overlay-gradient":""}},"ast-content-background-meta":{"desktop":{"background-color":"var(--ast-global-color-4)","background-image":"","background-repeat":"repeat","background-position":"center center","background-size":"auto","background-attachment":"scroll","background-type":"","background-media":"","overlay-type":"","overlay-color":"","overlay-opacity":"","overlay-gradient":""},"tablet":{"background-color":"var(--ast-global-color-4)","background-image":"","background-repeat":"repeat","background-position":"center center","background-size":"auto","background-attachment":"scroll","background-type":"","background-media":"","overlay-type":"","overlay-color":"","overlay-opacity":"","overlay-gradient":""},"mobile":{"background-color":"var(--ast-global-color-4)","background-image":"","background-repeat":"repeat","background-position":"center center","background-size":"auto","background-attachment":"scroll","background-type":"","background-media":"","overlay-type":"","overlay-color":"","overlay-opacity":"","overlay-gradient":""}},"footnotes":""},"class_list":["post-689","page","type-page","status-publish","has-post-thumbnail","hentry"],"jetpack_sharing_enabled":true,"_links":{"self":[{"href":"https:\/\/asl-stpryve.fr\/index.php\/wp-json\/wp\/v2\/pages\/689","targetHints":{"allow":["GET"]}}],"collection":[{"href":"https:\/\/asl-stpryve.fr\/index.php\/wp-json\/wp\/v2\/pages"}],"about":[{"href":"https:\/\/asl-stpryve.fr\/index.php\/wp-json\/wp\/v2\/types\/page"}],"author":[{"embeddable":true,"href":"https:\/\/asl-stpryve.fr\/index.php\/wp-json\/wp\/v2\/users\/1"}],"replies":[{"embeddable":true,"href":"https:\/\/asl-stpryve.fr\/index.php\/wp-json\/wp\/v2\/comments?post=689"}],"version-history":[{"count":8,"href":"https:\/\/asl-stpryve.fr\/index.php\/wp-json\/wp\/v2\/pages\/689\/revisions"}],"predecessor-version":[{"id":2736,"href":"https:\/\/asl-stpryve.fr\/index.php\/wp-json\/wp\/v2\/pages\/689\/revisions\/2736"}],"wp:featuredmedia":[{"embeddable":true,"href":"https:\/\/asl-stpryve.fr\/index.php\/wp-json\/wp\/v2\/media\/796"}],"wp:attachment":[{"href":"https:\/\/asl-stpryve.fr\/index.php\/wp-json\/wp\/v2\/media?parent=689"}],"curies":[{"name":"wp","href":"https:\/\/api.w.org\/{rel}","templated":true}]}}