{"id":3351,"date":"2025-05-31T16:48:12","date_gmt":"2025-05-31T14:48:12","guid":{"rendered":"https:\/\/asl-stpryve.fr\/?page_id=3351"},"modified":"2025-09-26T11:33:49","modified_gmt":"2025-09-26T09:33:49","slug":"sinscrire","status":"publish","type":"page","link":"https:\/\/asl-stpryve.fr\/index.php\/sinscrire\/","title":{"rendered":"S&#8217;inscrire ( obligatoire y compris pour des cours d&#8217;essai)"},"content":{"rendered":"\n<h2 class=\"wp-block-heading\"><strong>Comment se fait l\u2019inscription d\u2019un adh\u00e9rent ?<\/strong><\/h2>\n\n\n\n<ol class=\"wp-block-list\">\n<li><strong>Application mobile :<\/strong>&nbsp;L\u2019adh\u00e9rent doit t\u00e9l\u00e9charger l&#8217;application mobile &#8220;MonClub&#8221; \u00e0 partir du Play Store (pour les appareils Android) ou de l&#8217;App Store (pour les appareils iOS). Une fois l&#8217;application install\u00e9e, l\u2019adh\u00e9rent doit renseigner le code club &#8220;aslstpryve&#8221; afin de cr\u00e9er son compte. Il doit choisir l\u2019activit\u00e9 de son choix puis remplir le formulaire d\u2019inscription.<\/li>\n<\/ol>\n\n\n\n<ol start=\"2\" class=\"wp-block-list\">\n<li><strong>Web :<\/strong>&nbsp;L\u2019adh\u00e9rent doit se rendre sur le lien d\u2019inscription en ligne ci-dessous, choisir l\u2019activit\u00e9 de son choix puis remplir le formulaire d\u2019inscription.<\/li>\n\n\n\n<li>Pour des anciens adh\u00e9rents de 2024-2025 : en nous contactant par mail \u00e0 aslstpryve@gmail.com ou en appelant le secr\u00e9tariat au 02 38 66 44 78<\/li>\n<\/ol>\n\n\n\n<div class=\"wp-block-buttons is-content-justification-center is-layout-flex wp-container-core-buttons-is-layout-a89b3969 wp-block-buttons-is-layout-flex\">\n<div class=\"wp-block-button\"><a class=\"wp-block-button__link wp-element-button\" href=\"https:\/\/aslstpryve.monclub.app\/app\" target=\"_blank\" rel=\"noreferrer noopener\">S&#8217;inscrire en ligne<\/a><\/div>\n<\/div>\n\n\n\n<p><\/p>\n","protected":false},"excerpt":{"rendered":"<p>Comment se fait l\u2019inscription d\u2019un adh\u00e9rent ?<\/p>\n","protected":false},"author":1,"featured_media":0,"parent":0,"menu_order":0,"comment_status":"closed","ping_status":"closed","template":"","meta":{"site-sidebar-layout":"default","site-content-layout":"","ast-site-content-layout":"default","site-content-style":"default","site-sidebar-style":"default","ast-global-header-display":"","ast-banner-title-visibility":"","ast-main-header-display":"","ast-hfb-above-header-display":"","ast-hfb-below-header-display":"","ast-hfb-mobile-header-display":"","site-post-title":"","ast-breadcrumbs-content":"","ast-featured-img":"","footer-sml-layout":"","ast-disable-related-posts":"","theme-transparent-header-meta":"","adv-header-id-meta":"","stick-header-meta":"","header-above-stick-meta":"","header-main-stick-meta":"","header-below-stick-meta":"","astra-migrate-meta-layouts":"default","ast-page-background-enabled":"default","ast-page-background-meta":{"desktop":{"background-color":"var(--ast-global-color-5)","background-image":"","background-repeat":"repeat","background-position":"center center","background-size":"auto","background-attachment":"scroll","background-type":"","background-media":"","overlay-type":"","overlay-color":"","overlay-opacity":"","overlay-gradient":""},"tablet":{"background-color":"","background-image":"","background-repeat":"repeat","background-position":"center center","background-size":"auto","background-attachment":"scroll","background-type":"","background-media":"","overlay-type":"","overlay-color":"","overlay-opacity":"","overlay-gradient":""},"mobile":{"background-color":"","background-image":"","background-repeat":"repeat","background-position":"center center","background-size":"auto","background-attachment":"scroll","background-type":"","background-media":"","overlay-type":"","overlay-color":"","overlay-opacity":"","overlay-gradient":""}},"ast-content-background-meta":{"desktop":{"background-color":"var(--ast-global-color-4)","background-image":"","background-repeat":"repeat","background-position":"center center","background-size":"auto","background-attachment":"scroll","background-type":"","background-media":"","overlay-type":"","overlay-color":"","overlay-opacity":"","overlay-gradient":""},"tablet":{"background-color":"var(--ast-global-color-4)","background-image":"","background-repeat":"repeat","background-position":"center center","background-size":"auto","background-attachment":"scroll","background-type":"","background-media":"","overlay-type":"","overlay-color":"","overlay-opacity":"","overlay-gradient":""},"mobile":{"background-color":"var(--ast-global-color-4)","background-image":"","background-repeat":"repeat","background-position":"center center","background-size":"auto","background-attachment":"scroll","background-type":"","background-media":"","overlay-type":"","overlay-color":"","overlay-opacity":"","overlay-gradient":""}},"footnotes":""},"class_list":["post-3351","page","type-page","status-publish","hentry"],"jetpack_sharing_enabled":true,"_links":{"self":[{"href":"https:\/\/asl-stpryve.fr\/index.php\/wp-json\/wp\/v2\/pages\/3351","targetHints":{"allow":["GET"]}}],"collection":[{"href":"https:\/\/asl-stpryve.fr\/index.php\/wp-json\/wp\/v2\/pages"}],"about":[{"href":"https:\/\/asl-stpryve.fr\/index.php\/wp-json\/wp\/v2\/types\/page"}],"author":[{"embeddable":true,"href":"https:\/\/asl-stpryve.fr\/index.php\/wp-json\/wp\/v2\/users\/1"}],"replies":[{"embeddable":true,"href":"https:\/\/asl-stpryve.fr\/index.php\/wp-json\/wp\/v2\/comments?post=3351"}],"version-history":[{"count":4,"href":"https:\/\/asl-stpryve.fr\/index.php\/wp-json\/wp\/v2\/pages\/3351\/revisions"}],"predecessor-version":[{"id":3632,"href":"https:\/\/asl-stpryve.fr\/index.php\/wp-json\/wp\/v2\/pages\/3351\/revisions\/3632"}],"wp:attachment":[{"href":"https:\/\/asl-stpryve.fr\/index.php\/wp-json\/wp\/v2\/media?parent=3351"}],"curies":[{"name":"wp","href":"https:\/\/api.w.org\/{rel}","templated":true}]}}