{"id":2495,"date":"2024-03-16T09:38:58","date_gmt":"2024-03-16T08:38:58","guid":{"rendered":"https:\/\/asl-stpryve.fr\/?page_id=2495"},"modified":"2026-03-31T18:48:35","modified_gmt":"2026-03-31T16:48:35","slug":"bienvenue-sur-le-site-de-lasl","status":"publish","type":"page","link":"https:\/\/asl-stpryve.fr\/","title":{"rendered":"Accueil"},"content":{"rendered":"<figure><img data-recalc-dims=\"1\" height=\"300\" width=\"800\" decoding=\"async\" class=\"aligncenter\" src=\"https:\/\/i0.wp.com\/asl-stpryve.fr\/wp-content\/uploads\/2025\/05\/Banniere-site-ASL-1.png?resize=800%2C300&#038;ssl=1\" alt=\"\" \/><\/figure>\n\n\n<p class=\"has-text-align-center\"><\/p>\n\n\n\n<p class=\"has-text-align-center\"><em><strong>Forte de plus de 700 adh\u00e9rents, notre association propose de nombreuses activit\u00e9s Sports et Loisirs, n&#8217;h\u00e9sitez pas \u00e0 nous rejoindre ! <\/strong><\/em><\/p>\n\n\n\n<p class=\"has-text-align-center\"><em><strong>Les inscriptions sont possibles tout au long de l&#8217;ann\u00e9e.  <\/strong><\/em><\/p>\n\n\n\n<div class=\"wp-block-columns alignwide is-layout-flex wp-container-core-columns-is-layout-d2da2050 wp-block-columns-is-layout-flex\" style=\"margin-bottom:0\">\n<div class=\"wp-block-column has-luminous-vivid-amber-background-color has-text-color has-background has-link-color wp-elements-cc3733ad75c6190daf2e5bd3b082d427 is-layout-flow wp-block-column-is-layout-flow\" style=\"color:#000000;padding-top:2em;padding-right:2em;padding-bottom:2em;padding-left:2em\">\n<h2 class=\"wp-block-heading has-text-align-center\" id=\"family\" style=\"font-size:40px\"><strong>Prenez l&#8217;air<\/strong><\/h2>\n\n\n\n<p class=\"has-normal-font-size\" style=\"line-height:1.5\"><strong>Nouveau cours<\/strong><\/p>\n\n\n\n<hr class=\"wp-block-separator has-css-opacity is-style-wide\"\/>\n\n\n\n<figure class=\"wp-block-image size-full\"><img data-recalc-dims=\"1\" loading=\"lazy\" decoding=\"async\" width=\"1414\" height=\"2000\" src=\"https:\/\/i0.wp.com\/asl-stpryve.fr\/wp-content\/uploads\/2026\/03\/ASL-Prenez-lair-1.png?resize=1414%2C2000&#038;ssl=1\" alt=\"\" class=\"wp-image-3952\" srcset=\"https:\/\/i0.wp.com\/asl-stpryve.fr\/wp-content\/uploads\/2026\/03\/ASL-Prenez-lair-1.png?w=1414&amp;ssl=1 1414w, https:\/\/i0.wp.com\/asl-stpryve.fr\/wp-content\/uploads\/2026\/03\/ASL-Prenez-lair-1.png?resize=212%2C300&amp;ssl=1 212w, https:\/\/i0.wp.com\/asl-stpryve.fr\/wp-content\/uploads\/2026\/03\/ASL-Prenez-lair-1.png?resize=566%2C800&amp;ssl=1 566w, https:\/\/i0.wp.com\/asl-stpryve.fr\/wp-content\/uploads\/2026\/03\/ASL-Prenez-lair-1.png?resize=768%2C1086&amp;ssl=1 768w, https:\/\/i0.wp.com\/asl-stpryve.fr\/wp-content\/uploads\/2026\/03\/ASL-Prenez-lair-1.png?resize=1086%2C1536&amp;ssl=1 1086w\" sizes=\"auto, (max-width: 1000px) 100vw, 1000px\" \/><\/figure>\n\n\n\n<div class=\"wp-block-buttons alignfull is-horizontal is-content-justification-center is-layout-flex wp-container-core-buttons-is-layout-03627597 wp-block-buttons-is-layout-flex\">\n<div class=\"wp-block-button has-custom-width wp-block-button__width-100 is-style-fill\"><a class=\"wp-block-button__link has-white-color has-text-color has-background no-border-radius wp-element-button\" href=\"https:\/\/aslstpryve.monclub.app\/app\" style=\"background-color:#000000\" target=\"_blank\" rel=\"noreferrer noopener\"><strong>S<\/strong>&#8216;inscrire<\/a><\/div>\n<\/div>\n<\/div>\n\n\n\n<div class=\"wp-block-column has-text-color has-background has-link-color wp-elements-85d7d19270f4bc203d099eed27df885f is-layout-flow wp-block-column-is-layout-flow\" style=\"color:#000000;background-color:#c0ebf1;padding-top:2em;padding-right:2em;padding-bottom:2em;padding-left:2em\">\n<h2 class=\"wp-block-heading has-text-align-center\" id=\"patron\" style=\"font-size:40px\"><strong>Ateliers<\/strong><\/h2>\n\n\n\n<p class=\"has-text-align-left has-normal-font-size\"><strong>Vacances scolaires<\/strong><\/p>\n\n\n\n<hr class=\"wp-block-separator has-css-opacity is-style-wide\"\/>\n\n\n\n<figure class=\"wp-block-image size-large\"><img data-recalc-dims=\"1\" loading=\"lazy\" decoding=\"async\" width=\"566\" height=\"800\" src=\"https:\/\/i0.wp.com\/asl-stpryve.fr\/wp-content\/uploads\/2026\/03\/ASL-Loisirs-Danielle-1.png?resize=566%2C800&#038;ssl=1\" alt=\"\" class=\"wp-image-3955\" srcset=\"https:\/\/i0.wp.com\/asl-stpryve.fr\/wp-content\/uploads\/2026\/03\/ASL-Loisirs-Danielle-1.png?resize=566%2C800&amp;ssl=1 566w, https:\/\/i0.wp.com\/asl-stpryve.fr\/wp-content\/uploads\/2026\/03\/ASL-Loisirs-Danielle-1.png?resize=212%2C300&amp;ssl=1 212w, https:\/\/i0.wp.com\/asl-stpryve.fr\/wp-content\/uploads\/2026\/03\/ASL-Loisirs-Danielle-1.png?resize=768%2C1086&amp;ssl=1 768w, https:\/\/i0.wp.com\/asl-stpryve.fr\/wp-content\/uploads\/2026\/03\/ASL-Loisirs-Danielle-1.png?resize=1086%2C1536&amp;ssl=1 1086w, https:\/\/i0.wp.com\/asl-stpryve.fr\/wp-content\/uploads\/2026\/03\/ASL-Loisirs-Danielle-1.png?w=1414&amp;ssl=1 1414w\" sizes=\"auto, (max-width: 566px) 100vw, 566px\" \/><\/figure>\n\n\n\n<div class=\"wp-block-buttons alignfull is-horizontal is-content-justification-center is-layout-flex wp-container-core-buttons-is-layout-03627597 wp-block-buttons-is-layout-flex\">\n<div class=\"wp-block-button has-custom-width wp-block-button__width-100\"><a class=\"wp-block-button__link has-white-color has-text-color has-background no-border-radius wp-element-button\" href=\"https:\/\/asl-stpryve.fr\/index.php\/sinscrire\/\" style=\"background-color:#000000\" target=\"_blank\" rel=\"noreferrer noopener\">R\u00e9server<\/a><\/div>\n<\/div>\n<\/div>\n\n\n\n<div class=\"wp-block-column has-text-color has-background has-link-color wp-elements-40ee9d08dd361b39aedc1bfb45562e6e is-layout-flow wp-block-column-is-layout-flow\" style=\"color:#000000;background-color:#d1d1e1;padding-top:2em;padding-right:2em;padding-bottom:2em;padding-left:2em\">\n<h2 class=\"wp-block-heading has-text-align-center\" id=\"family\" style=\"font-size:40px\"><strong>Les cours<\/strong><\/h2>\n\n\n\n<p class=\"has-normal-font-size\" style=\"line-height:1.5\"><strong>Plus de 60 cours propos\u00e9s ! <\/strong><\/p>\n\n\n\n<hr class=\"wp-block-separator has-css-opacity is-style-wide\"\/>\n\n\n\n<figure class=\"wp-block-image size-large\"><img data-recalc-dims=\"1\" loading=\"lazy\" decoding=\"async\" width=\"566\" height=\"800\" src=\"https:\/\/i0.wp.com\/asl-stpryve.fr\/wp-content\/uploads\/2025\/09\/Livret-ASL-A4-2025-2026.png?resize=566%2C800&#038;ssl=1\" alt=\"\" class=\"wp-image-3641\" srcset=\"https:\/\/i0.wp.com\/asl-stpryve.fr\/wp-content\/uploads\/2025\/09\/Livret-ASL-A4-2025-2026.png?resize=566%2C800&amp;ssl=1 566w, https:\/\/i0.wp.com\/asl-stpryve.fr\/wp-content\/uploads\/2025\/09\/Livret-ASL-A4-2025-2026.png?resize=212%2C300&amp;ssl=1 212w, https:\/\/i0.wp.com\/asl-stpryve.fr\/wp-content\/uploads\/2025\/09\/Livret-ASL-A4-2025-2026.png?resize=768%2C1086&amp;ssl=1 768w, https:\/\/i0.wp.com\/asl-stpryve.fr\/wp-content\/uploads\/2025\/09\/Livret-ASL-A4-2025-2026.png?resize=1086%2C1536&amp;ssl=1 1086w, https:\/\/i0.wp.com\/asl-stpryve.fr\/wp-content\/uploads\/2025\/09\/Livret-ASL-A4-2025-2026.png?w=1414&amp;ssl=1 1414w\" sizes=\"auto, (max-width: 566px) 100vw, 566px\" \/><\/figure>\n\n\n\n<div class=\"wp-block-buttons alignfull is-horizontal is-content-justification-center is-layout-flex wp-container-core-buttons-is-layout-03627597 wp-block-buttons-is-layout-flex\">\n<div class=\"wp-block-button has-custom-width wp-block-button__width-100 is-style-fill\"><a class=\"wp-block-button__link has-white-color has-text-color has-background no-border-radius wp-element-button\" href=\"https:\/\/asl-stpryve.fr\/index.php\/nos-activites\/\" style=\"background-color:#000000\" target=\"_blank\" rel=\"noreferrer noopener\">D\u00e9couvrir nos activit\u00e9s<\/a><\/div>\n<\/div>\n<\/div>\n<\/div>\n\n\n\n<div class=\"wp-block-query is-layout-flow wp-block-query-is-layout-flow\"><\/div>\n\n\n\n<h2 class=\"wp-block-heading\">Derni\u00e8res actualit\u00e9s<\/h2>\n\n\n\n<div class=\"wp-block-query is-layout-flow wp-block-query-is-layout-flow\"><ul class=\"columns-3 wp-block-post-template is-layout-grid wp-container-core-post-template-is-layout-6d3fbd8f wp-block-post-template-is-layout-grid\"><li class=\"wp-block-post post-3968 post type-post status-publish format-standard hentry category-non-classe\">\n\n<div class=\"wp-block-group is-layout-flow wp-block-group-is-layout-flow\" style=\"padding-top:30px;padding-right:30px;padding-bottom:30px;padding-left:30px\"><h2 class=\"wp-block-post-title\"><a href=\"https:\/\/asl-stpryve.fr\/index.php\/2026\/04\/13\/vacances-scolaires-rattrapages-de-cours\/\" target=\"_self\" >Vacances scolaires &#8211; Rattrapages de cours<\/a><\/h2>\n\n<div class=\"wp-block-post-excerpt\"><p class=\"wp-block-post-excerpt__excerpt\">Avis aux sportifs pr\u00e9sents dans les prochains jours ! <\/p><\/div>\n\n<div class=\"wp-block-post-date\"><time datetime=\"2026-04-13T07:33:20+02:00\">13 avril 2026<\/time><\/div><\/div>\n\n<\/li><li class=\"wp-block-post post-3965 post type-post status-publish format-standard hentry category-non-classe\">\n\n<div class=\"wp-block-group is-layout-flow wp-block-group-is-layout-flow\" style=\"padding-top:30px;padding-right:30px;padding-bottom:30px;padding-left:30px\"><h2 class=\"wp-block-post-title\"><a href=\"https:\/\/asl-stpryve.fr\/index.php\/2026\/04\/11\/la-nouvelle-pulse-davril-est-arrivee\/\" target=\"_self\" >La nouvelle PULSE d&#8217;avril est arriv\u00e9e !<\/a><\/h2>\n\n<div class=\"wp-block-post-excerpt\"><p class=\"wp-block-post-excerpt__excerpt\">Le printemps s&#8217;installe et, avec lui, votre dose mensuelle d&#8217;actualit\u00e9s associatives ! Le num\u00e9ro de PULSE du mois d&#8217;AVRIL vient [&hellip;] <\/p><\/div>\n\n<div class=\"wp-block-post-date\"><time datetime=\"2026-04-11T09:20:24+02:00\">11 avril 2026<\/time><\/div><\/div>\n\n<\/li><li class=\"wp-block-post post-3957 post type-post status-publish format-standard hentry category-non-classe\">\n\n<div class=\"wp-block-group is-layout-flow wp-block-group-is-layout-flow\" style=\"padding-top:30px;padding-right:30px;padding-bottom:30px;padding-left:30px\"><h2 class=\"wp-block-post-title\"><a href=\"https:\/\/asl-stpryve.fr\/index.php\/2026\/03\/31\/atelier-creatif-decouvrez-lart-du-kumihimo-pendant-les-vacances\/\" target=\"_self\" >Atelier Cr\u00e9atif : D\u00e9couvrez l&#8217;Art du Kumihimo pendant les Vacances !<\/a><\/h2>\n\n<div class=\"wp-block-post-excerpt\"><p class=\"wp-block-post-excerpt__excerpt\">Profitez des vacances scolaires pour vous initier \u00e0 une technique de tressage originale ! L&#8217;ASL vous propose un nouvel atelier [&hellip;] <\/p><\/div>\n\n<div class=\"wp-block-post-date\"><time datetime=\"2026-03-31T18:51:06+02:00\">31 mars 2026<\/time><\/div><\/div>\n\n<\/li><li class=\"wp-block-post post-3947 post type-post status-publish format-standard hentry category-non-classe\">\n\n<div class=\"wp-block-group is-layout-flow wp-block-group-is-layout-flow\" style=\"padding-top:30px;padding-right:30px;padding-bottom:30px;padding-left:30px\"><h2 class=\"wp-block-post-title\"><a href=\"https:\/\/asl-stpryve.fr\/index.php\/2026\/03\/20\/nouveau-a-lasl-votre-rendez-vous-gym-cardio-renfort-au-bord-du-lac\/\" target=\"_self\" >Nouveau \u00e0 l\u2019ASL : Votre rendez-vous Gym Cardio Renfort au bord du Lac !<\/a><\/h2>\n\n<div class=\"wp-block-post-excerpt\"><p class=\"wp-block-post-excerpt__excerpt\">D\u00e8s le 29 avril, l\u2019ASL prend l\u2019air ! Laurence vous attend tous les mercredis apr\u00e8s-midi pour une s\u00e9ance de remise [&hellip;] <\/p><\/div>\n\n<div class=\"wp-block-post-date\"><time datetime=\"2026-03-20T14:54:18+01:00\">20 mars 2026<\/time><\/div><\/div>\n\n<\/li><li class=\"wp-block-post post-3943 post type-post status-publish format-standard hentry category-non-classe\">\n\n<div class=\"wp-block-group is-layout-flow wp-block-group-is-layout-flow\" style=\"padding-top:30px;padding-right:30px;padding-bottom:30px;padding-left:30px\"><h2 class=\"wp-block-post-title\"><a href=\"https:\/\/asl-stpryve.fr\/index.php\/2026\/03\/08\/dernier-atelier-intergenerationnel-darts-plastiques-jeudi-9-avril-2026\/\" target=\"_self\" >Dernier atelier interg\u00e9n\u00e9rationnel d\u2019arts plastiques \u2013 Jeudi 9 avril 2026<\/a><\/h2>\n\n<div class=\"wp-block-post-excerpt\"><p class=\"wp-block-post-excerpt__excerpt\">Le jeudi 9 avril 2026, nous aurons le plaisir de nous retrouver pour le dernier atelier interg\u00e9n\u00e9rationnel d\u2019arts plastiques de [&hellip;] <\/p><\/div>\n\n<div class=\"wp-block-post-date\"><time datetime=\"2026-03-08T09:40:14+01:00\">8 mars 2026<\/time><\/div><\/div>\n\n<\/li><li class=\"wp-block-post post-3940 post type-post status-publish format-standard hentry category-non-classe\">\n\n<div class=\"wp-block-group is-layout-flow wp-block-group-is-layout-flow\" style=\"padding-top:30px;padding-right:30px;padding-bottom:30px;padding-left:30px\"><h2 class=\"wp-block-post-title\"><a href=\"https:\/\/asl-stpryve.fr\/index.php\/2026\/03\/08\/atelier-art-floral-paques-2-avril-2026\/\" target=\"_self\" >Atelier Art Floral \u2013 P\u00e2ques &#8211; 2 avril 2026<\/a><\/h2>\n\n<div class=\"wp-block-post-excerpt\"><p class=\"wp-block-post-excerpt__excerpt\">Le 2 avril, participez \u00e0 notre prochain atelier d\u2019art floral sur le th\u00e8me de P\u00e2ques.Lors de cet atelier convivial, vous [&hellip;] <\/p><\/div>\n\n<div class=\"wp-block-post-date\"><time datetime=\"2026-03-08T09:35:38+01:00\">8 mars 2026<\/time><\/div><\/div>\n\n<\/li><\/ul><\/div>\n\n\n\n<p><\/p>\n","protected":false},"excerpt":{"rendered":"<p>Forte de plus de 700 adh\u00e9rents, notre association propose de nombreuses activit\u00e9s Sports et Loisirs, n&#8217;h\u00e9sitez pas \u00e0 nous rejoindre [&hellip;]<\/p>\n","protected":false},"author":1,"featured_media":0,"parent":0,"menu_order":0,"comment_status":"closed","ping_status":"closed","template":"","meta":{"site-sidebar-layout":"default","site-content-layout":"","ast-site-content-layout":"default","site-content-style":"default","site-sidebar-style":"default","ast-global-header-display":"","ast-banner-title-visibility":"","ast-main-header-display":"","ast-hfb-above-header-display":"","ast-hfb-below-header-display":"","ast-hfb-mobile-header-display":"","site-post-title":"disabled","ast-breadcrumbs-content":"","ast-featured-img":"","footer-sml-layout":"","ast-disable-related-posts":"","theme-transparent-header-meta":"","adv-header-id-meta":"","stick-header-meta":"","header-above-stick-meta":"","header-main-stick-meta":"","header-below-stick-meta":"","astra-migrate-meta-layouts":"default","ast-page-background-enabled":"default","ast-page-background-meta":{"desktop":{"background-color":"var(--ast-global-color-5)","background-image":"","background-repeat":"repeat","background-position":"center center","background-size":"auto","background-attachment":"scroll","background-type":"","background-media":"","overlay-type":"","overlay-color":"","overlay-opacity":"","overlay-gradient":""},"tablet":{"background-color":"","background-image":"","background-repeat":"repeat","background-position":"center center","background-size":"auto","background-attachment":"scroll","background-type":"","background-media":"","overlay-type":"","overlay-color":"","overlay-opacity":"","overlay-gradient":""},"mobile":{"background-color":"","background-image":"","background-repeat":"repeat","background-position":"center center","background-size":"auto","background-attachment":"scroll","background-type":"","background-media":"","overlay-type":"","overlay-color":"","overlay-opacity":"","overlay-gradient":""}},"ast-content-background-meta":{"desktop":{"background-color":"var(--ast-global-color-4)","background-image":"","background-repeat":"repeat","background-position":"center center","background-size":"auto","background-attachment":"scroll","background-type":"","background-media":"","overlay-type":"","overlay-color":"","overlay-opacity":"","overlay-gradient":""},"tablet":{"background-color":"var(--ast-global-color-4)","background-image":"","background-repeat":"repeat","background-position":"center center","background-size":"auto","background-attachment":"scroll","background-type":"","background-media":"","overlay-type":"","overlay-color":"","overlay-opacity":"","overlay-gradient":""},"mobile":{"background-color":"var(--ast-global-color-4)","background-image":"","background-repeat":"repeat","background-position":"center center","background-size":"auto","background-attachment":"scroll","background-type":"","background-media":"","overlay-type":"","overlay-color":"","overlay-opacity":"","overlay-gradient":""}},"footnotes":""},"class_list":["post-2495","page","type-page","status-publish","hentry"],"jetpack_sharing_enabled":true,"_links":{"self":[{"href":"https:\/\/asl-stpryve.fr\/index.php\/wp-json\/wp\/v2\/pages\/2495","targetHints":{"allow":["GET"]}}],"collection":[{"href":"https:\/\/asl-stpryve.fr\/index.php\/wp-json\/wp\/v2\/pages"}],"about":[{"href":"https:\/\/asl-stpryve.fr\/index.php\/wp-json\/wp\/v2\/types\/page"}],"author":[{"embeddable":true,"href":"https:\/\/asl-stpryve.fr\/index.php\/wp-json\/wp\/v2\/users\/1"}],"replies":[{"embeddable":true,"href":"https:\/\/asl-stpryve.fr\/index.php\/wp-json\/wp\/v2\/comments?post=2495"}],"version-history":[{"count":167,"href":"https:\/\/asl-stpryve.fr\/index.php\/wp-json\/wp\/v2\/pages\/2495\/revisions"}],"predecessor-version":[{"id":3956,"href":"https:\/\/asl-stpryve.fr\/index.php\/wp-json\/wp\/v2\/pages\/2495\/revisions\/3956"}],"wp:attachment":[{"href":"https:\/\/asl-stpryve.fr\/index.php\/wp-json\/wp\/v2\/media?parent=2495"}],"curies":[{"name":"wp","href":"https:\/\/api.w.org\/{rel}","templated":true}]}}