{"id":1198,"date":"2021-07-15T09:49:15","date_gmt":"2021-07-15T07:49:15","guid":{"rendered":"https:\/\/asl-stpryve.fr\/?page_id=1198"},"modified":"2024-06-26T12:08:28","modified_gmt":"2024-06-26T10:08:28","slug":"accueil-activites","status":"publish","type":"page","link":"https:\/\/asl-stpryve.fr\/index.php\/accueil-activites\/","title":{"rendered":"Contact"},"content":{"rendered":"\n<p class=\"has-text-align-center\">Vous pouvez joindre le secr\u00e9tariat au 02 38 66 44 78 ou par mail \u00e0 aslstpryve@gmail.com<\/p>\n\n\n\n<p>Vous pouvez \u00e9galement contacter directement le responsable de section ou l&#8217;animateur par courriel (voir tableau ci-apr\u00e8s) :<\/p>\n\n\n\n<table id=\"tablepress-8\" class=\"tablepress tablepress-id-8\">\n<thead>\n<tr class=\"row-1\">\n\t<th class=\"column-1\">Code<\/th><th class=\"column-2\">ACTIVITE<\/th><th class=\"column-3\">Jours<\/th><th class=\"column-4\">Horaires<\/th><th class=\"column-5\">Contact<\/th>\n<\/tr>\n<\/thead>\n<tbody class=\"row-striping row-hover\">\n<tr class=\"row-2\">\n\t<td class=\"column-1\">SP1<\/td><td class=\"column-2\">Gymnastique Sportive Enfants<\/td><td class=\"column-3\">Mercredi<\/td><td class=\"column-4\">10h00-10h45<\/td><td class=\"column-5\"><a href=\"mailto:gym_sportive@asl-stpryve.fr\">gym_sportive@asl-stpryve.fr<\/a><\/td>\n<\/tr>\n<tr class=\"row-3\">\n\t<td class=\"column-1\">SP2<\/td><td class=\"column-2\">Gymnastique Sportive Enfants<\/td><td class=\"column-3\">Mercredi<\/td><td class=\"column-4\">10h45-11h45<\/td><td class=\"column-5\"><a href=\"mailto:gym_sportive@asl-stpryve.fr\">gym_sportive@asl-stpryve.fr<\/a><\/td>\n<\/tr>\n<tr class=\"row-4\">\n\t<td class=\"column-1\">SP3<\/td><td class=\"column-2\">Gymnastique d'Entretien<\/td><td class=\"column-3\">Lundi<\/td><td class=\"column-4\">18h15-19h15<\/td><td class=\"column-5\"><a href=\"mailto:gym_entretien@asl-stpryve.fr\">gym_entretien@asl-stpryve.fr<\/a><\/td>\n<\/tr>\n<tr class=\"row-5\">\n\t<td class=\"column-1\">SP4<\/td><td class=\"column-2\">Gym reprise<\/td><td class=\"column-3\">Mardi<\/td><td class=\"column-4\">18h00-19h00<\/td><td class=\"column-5\"><a href=\"mailto:gym_entretien@asl-stpryve.fr\">gym_entretien@asl-stpryve.fr<\/a><\/td>\n<\/tr>\n<tr class=\"row-6\">\n\t<td class=\"column-1\">SP5<\/td><td class=\"column-2\">Body Zen<\/td><td class=\"column-3\">Mardi<\/td><td class=\"column-4\">19h00-20h00<\/td><td class=\"column-5\"><a href=\"mailto:gym_entretien@asl-stpryve.fr\">gym_entretien@asl-stpryve.fr<\/a><\/td>\n<\/tr>\n<tr class=\"row-7\">\n\t<td class=\"column-1\">SP6<\/td><td class=\"column-2\">Stretching<br \/>\ndynamique<\/td><td class=\"column-3\">Jeudi<\/td><td class=\"column-4\">17h00-18h00<\/td><td class=\"column-5\"><a href=\"mailto:gym_entretien2@asl-stpryve.fr\">gym_entretien2@asl-stpryve.fr<\/a><\/td>\n<\/tr>\n<tr class=\"row-8\">\n\t<td class=\"column-1\">SP7<\/td><td class=\"column-2\">Cardio\/Renfort Musculaire<\/td><td class=\"column-3\">Lundi<\/td><td class=\"column-4\">18h15-19h15<\/td><td class=\"column-5\"><a href=\"mailto:cardio_renfort@asl-stpryve.fr\">cardio_renfort@asl-stpryve.fr<\/a><\/td>\n<\/tr>\n<tr class=\"row-9\">\n\t<td class=\"column-1\">SP8<\/td><td class=\"column-2\">Muscu\/Stretch 2 en 1<\/td><td class=\"column-3\">Lundi<\/td><td class=\"column-4\">19h30-20h30<\/td><td class=\"column-5\"><a href=\"mailto:muscu_stretch@asl-stpryve.fr\">muscu_stretch@asl-stpryve.fr<\/a><\/td>\n<\/tr>\n<tr class=\"row-10\">\n\t<td class=\"column-1\">SP9<\/td><td class=\"column-2\">Muscu\/Stretch 2 en 1<\/td><td class=\"column-3\">Jeudi<\/td><td class=\"column-4\">18h00-19h00<\/td><td class=\"column-5\"><a href=\"mailto:muscu_stretch@asl-stpryve.fr\">muscu_stretch@asl-stpryve.fr<\/a><\/td>\n<\/tr>\n<tr class=\"row-11\">\n\t<td class=\"column-1\">SP10<\/td><td class=\"column-2\">Marche Nordique<\/td><td class=\"column-3\">Vendredi<\/td><td class=\"column-4\">14h30-16h00<\/td><td class=\"column-5\"><a href=\"mailto:marche_nordique@asl-stpryve.fr\">marche_nordique@asl-stpryve.fr<\/a><\/td>\n<\/tr>\n<tr class=\"row-12\">\n\t<td class=\"column-1\">SP11<\/td><td class=\"column-2\">Marche Nordique<\/td><td class=\"column-3\">Samedi<\/td><td class=\"column-4\">9h15-10h45<\/td><td class=\"column-5\"><a href=\"mailto:marche_nordique2@asl-stpryve.fr\">marche_nordique2@asl-stpryve.fr<\/a><\/td>\n<\/tr>\n<tr class=\"row-13\">\n\t<td class=\"column-1\">SP12<\/td><td class=\"column-2\">Judo<\/td><td class=\"column-3\">Mardi<\/td><td class=\"column-4\">17h00-17h45<\/td><td class=\"column-5\"><a href=\"mailto:judo@asl-stpryve.fr\">judo@asl-stpryve.fr<\/a><\/td>\n<\/tr>\n<tr class=\"row-14\">\n\t<td class=\"column-1\">SP13<\/td><td class=\"column-2\">Judo<\/td><td class=\"column-3\">Mercredi<\/td><td class=\"column-4\">14h00-14h45<\/td><td class=\"column-5\"><a href=\"mailto:judo@asl-stpryve.fr\">judo@asl-stpryve.fr<\/a><\/td>\n<\/tr>\n<tr class=\"row-15\">\n\t<td class=\"column-1\">SP14<\/td><td class=\"column-2\">Judo<\/td><td class=\"column-3\">Mardi et<br \/>\nMercredi<\/td><td class=\"column-4\">17h45-18h30<\/td><td class=\"column-5\"><a href=\"mailto:judo@asl-stpryve.fr\">judo@asl-stpryve.fr<\/a><\/td>\n<\/tr>\n<tr class=\"row-16\">\n\t<td class=\"column-1\"><\/td><td class=\"column-2\">Judo<\/td><td class=\"column-3\"><\/td><td class=\"column-4\">15h00-16h30<\/td><td class=\"column-5\"><a href=\"mailto:judo@asl-stpryve.fr\">judo@asl-stpryve.fr<\/a><\/td>\n<\/tr>\n<tr class=\"row-17\">\n\t<td class=\"column-1\">SP15<\/td><td class=\"column-2\">Judo<\/td><td class=\"column-3\">Mardi et<br \/>\nMercredi<\/td><td class=\"column-4\">18h30-19h45<\/td><td class=\"column-5\"><a href=\"mailto:judo@asl-stpryve.fr\">judo@asl-stpryve.fr<\/a><\/td>\n<\/tr>\n<tr class=\"row-18\">\n\t<td class=\"column-1\"><\/td><td class=\"column-2\">Judo<\/td><td class=\"column-3\"><\/td><td class=\"column-4\">17h00-18h30<\/td><td class=\"column-5\"><a href=\"mailto:judo@asl-stpryve.fr\">judo@asl-stpryve.fr<\/a><\/td>\n<\/tr>\n<tr class=\"row-19\">\n\t<td class=\"column-1\">SP16<\/td><td class=\"column-2\">Judo<\/td><td class=\"column-3\">Mardi et<br \/>\r\nMercredi<\/td><td class=\"column-4\">19h45-21h00<\/td><td class=\"column-5\"><a href=\"mailto:judo@asl-stpryve.fr\">judo@asl-stpryve.fr<\/a><\/td>\n<\/tr>\n<tr class=\"row-20\">\n\t<td class=\"column-1\"><\/td><td class=\"column-2\">Judo<\/td><td class=\"column-3\"><\/td><td class=\"column-4\">18h45-20h00<\/td><td class=\"column-5\"><a href=\"mailto:judo@asl-stpryve.fr\">judo@asl-stpryve.fr<\/a><\/td>\n<\/tr>\n<tr class=\"row-21\">\n\t<td class=\"column-1\">SP17<\/td><td class=\"column-2\">Pilates<\/td><td class=\"column-3\">Lundi<\/td><td class=\"column-4\">9h00-10h00<\/td><td class=\"column-5\"><a href=\"mailto:pilates2@asl-stpryve.fr\">pilates2@asl-stpryve.fr<\/a><\/td>\n<\/tr>\n<tr class=\"row-22\">\n\t<td class=\"column-1\">SP18<\/td><td class=\"column-2\">Pilates<\/td><td class=\"column-3\">Lundi<\/td><td class=\"column-4\">20h15-21h15<\/td><td class=\"column-5\"><a href=\"mailto:pilates2@asl-stpryve.fr\">pilates2@asl-stpryve.fr<\/a><\/td>\n<\/tr>\n<tr class=\"row-23\">\n\t<td class=\"column-1\">SP19<\/td><td class=\"column-2\">Pilates<\/td><td class=\"column-3\">Mercredi<\/td><td class=\"column-4\">9h00-10h00<\/td><td class=\"column-5\"><a href=\"mailto:pilates2@asl-stpryve.fr\">pilates2@asl-stpryve.fr<\/a><\/td>\n<\/tr>\n<tr class=\"row-24\">\n\t<td class=\"column-1\">SP20<\/td><td class=\"column-2\">Pilates<\/td><td class=\"column-3\">Mercredi<\/td><td class=\"column-4\">19h00-20h00<\/td><td class=\"column-5\"><a href=\"mailto:pilates2@asl-stpryve.fr\">pilates2@asl-stpryve.fr<\/a><\/td>\n<\/tr>\n<tr class=\"row-25\">\n\t<td class=\"column-1\">SP21<\/td><td class=\"column-2\">Pilates<\/td><td class=\"column-3\">Vendredi<\/td><td class=\"column-4\">17h30-18h30<\/td><td class=\"column-5\"><a href=\"mailto:pilates2@asl-stpryve.fr\">pilates2@asl-stpryve.fr<\/a><\/td>\n<\/tr>\n<tr class=\"row-26\">\n\t<td class=\"column-1\">SP22<\/td><td class=\"column-2\">Step\/Body Fit<\/td><td class=\"column-3\">Vendredi<\/td><td class=\"column-4\">17h30-18h30<\/td><td class=\"column-5\"><a href=\"mailto:step_bodyfit@asl-stpryve.fr\">step_bodyfit@asl-stpryve.fr<\/a><\/td>\n<\/tr>\n<tr class=\"row-27\">\n\t<td class=\"column-1\">SP23<\/td><td class=\"column-2\">Step\/Body Fit<\/td><td class=\"column-3\">Vendredi<\/td><td class=\"column-4\">18H30-19H30<\/td><td class=\"column-5\"><a href=\"mailto:step_bodyfit@asl-stpryve.fr\">step_bodyfit@asl-stpryve.fr<\/a><\/td>\n<\/tr>\n<tr class=\"row-28\">\n\t<td class=\"column-1\">SP24<\/td><td class=\"column-2\">Step\/Body Fit<\/td><td class=\"column-3\">Vendredi<\/td><td class=\"column-4\">19H30-20H30<\/td><td class=\"column-5\"><a href=\"mailto:step_bodyfit@asl-stpryve.fr\">step_bodyfit@asl-stpryve.fr<\/a><\/td>\n<\/tr>\n<tr class=\"row-29\">\n\t<td class=\"column-1\">SP25<\/td><td class=\"column-2\">Cuisses Fessiers Abdominaux<\/td><td class=\"column-3\">Jeudi<\/td><td class=\"column-4\">19h15-20h15<\/td><td class=\"column-5\"><a href=\"mailto:cfa@asl-stpryve.fr\">cfa@asl-stpryve.fr<\/a><\/td>\n<\/tr>\n<tr class=\"row-30\">\n\t<td class=\"column-1\">SP26<\/td><td class=\"column-2\">Renfort Musculaire<\/td><td class=\"column-3\">Mercredi<\/td><td class=\"column-4\">18h30-19h30<\/td><td class=\"column-5\"><a href=\"mailto:renfort_musculaire@asl-stpryve.fr\">renfort_musculaire@asl-stpryve.fr<\/a><\/td>\n<\/tr>\n<tr class=\"row-31\">\n\t<td class=\"column-1\">DET1<\/td><td class=\"column-2\">Stretching<\/td><td class=\"column-3\">Mardi<\/td><td class=\"column-4\">9h15-10h15<\/td><td class=\"column-5\"><a href=\"mailto:stretching@asl-stpryve.fr\">stretching@asl-stpryve.fr<\/a><\/td>\n<\/tr>\n<tr class=\"row-32\">\n\t<td class=\"column-1\">DET2<\/td><td class=\"column-2\">Stretching<\/td><td class=\"column-3\">Mardi<\/td><td class=\"column-4\">10h20-11h20<\/td><td class=\"column-5\"><a href=\"mailto:stretching@asl-stpryve.fr\">stretching@asl-stpryve.fr<\/a><\/td>\n<\/tr>\n<tr class=\"row-33\">\n\t<td class=\"column-1\">DET3<\/td><td class=\"column-2\">Stretching<\/td><td class=\"column-3\">Jeudi<\/td><td class=\"column-4\">9h30-10h30<\/td><td class=\"column-5\"><a href=\"mailto:stretching@asl-stpryve.fr\">stretching@asl-stpryve.fr<\/a><\/td>\n<\/tr>\n<tr class=\"row-34\">\n\t<td class=\"column-1\">DET4<\/td><td class=\"column-2\">Stretching<\/td><td class=\"column-3\">Jeudi<\/td><td class=\"column-4\">10h35-11h35<\/td><td class=\"column-5\"><a href=\"mailto:stretching@asl-stpryve.fr\">stretching@asl-stpryve.fr<\/a><\/td>\n<\/tr>\n<tr class=\"row-35\">\n\t<td class=\"column-1\">DET5<\/td><td class=\"column-2\">Qi Gong<\/td><td class=\"column-3\">Lundi<\/td><td class=\"column-4\">17h45-19h00<\/td><td class=\"column-5\"><a href=\"mailto:qi_gong@asl-stpryve.fr\">qi_gong@asl-stpryve.fr<\/a><\/td>\n<\/tr>\n<tr class=\"row-36\">\n\t<td class=\"column-1\">DET6<\/td><td class=\"column-2\">Yoga<\/td><td class=\"column-3\">Mardi<\/td><td class=\"column-4\">10h00-11h00<\/td><td class=\"column-5\"><a href=\"mailto:yoga@asl-stpryve.fr\">yoga@asl-stpryve.fr<\/a><\/td>\n<\/tr>\n<tr class=\"row-37\">\n\t<td class=\"column-1\">DET7<\/td><td class=\"column-2\">Yoga<\/td><td class=\"column-3\">Mardi<\/td><td class=\"column-4\">11h30-12h30<\/td><td class=\"column-5\"><a href=\"mailto:yoga@asl-stpryve.fr\">yoga@asl-stpryve.fr<\/a><\/td>\n<\/tr>\n<tr class=\"row-38\">\n\t<td class=\"column-1\">DET8<\/td><td class=\"column-2\">Yoga<\/td><td class=\"column-3\">Mardi<\/td><td class=\"column-4\">12h40-13h40<\/td><td class=\"column-5\"><a href=\"mailto:yoga@asl-stpryve.fr\">yoga@asl-stpryve.fr<\/a><\/td>\n<\/tr>\n<tr class=\"row-39\">\n\t<td class=\"column-1\">DET9<\/td><td class=\"column-2\">Yoga<\/td><td class=\"column-3\">Mardi<\/td><td class=\"column-4\">17h00-18h00<\/td><td class=\"column-5\"><a href=\"mailto:yoga@asl-stpryve.fr\">yoga@asl-stpryve.fr<\/a><\/td>\n<\/tr>\n<tr class=\"row-40\">\n\t<td class=\"column-1\">DET10<\/td><td class=\"column-2\">Yoga<\/td><td class=\"column-3\">Mardi<\/td><td class=\"column-4\">18h15-19h15<\/td><td class=\"column-5\"><a href=\"mailto:yoga@asl-stpryve.fr\">yoga@asl-stpryve.fr<\/a><\/td>\n<\/tr>\n<tr class=\"row-41\">\n\t<td class=\"column-1\">DET11<\/td><td class=\"column-2\">Yoga<\/td><td class=\"column-3\">Mardi<\/td><td class=\"column-4\">18h15-19h15<\/td><td class=\"column-5\"><a href=\"mailto:yoga@asl-stpryve.fr\">yoga@asl-stpryve.fr<\/a><\/td>\n<\/tr>\n<tr class=\"row-42\">\n\t<td class=\"column-1\">DET12<\/td><td class=\"column-2\">Yoga<\/td><td class=\"column-3\">Mardi<\/td><td class=\"column-4\">19h30-20h30<\/td><td class=\"column-5\"><a href=\"mailto:yoga@asl-stpryve.fr\">yoga@asl-stpryve.fr<\/a><\/td>\n<\/tr>\n<tr class=\"row-43\">\n\t<td class=\"column-1\">BE1<\/td><td class=\"column-2\">Gym Douce s\u00e9niors<\/td><td class=\"column-3\">Mardi<\/td><td class=\"column-4\">10h00-11h00<\/td><td class=\"column-5\"><a href=\"mailto:gym_douce@asl-stpryve.fr\">gym_douce@asl-stpryve.fr<\/a><\/td>\n<\/tr>\n<tr class=\"row-44\">\n\t<td class=\"column-1\">BE2<\/td><td class=\"column-2\">Gym Douce s\u00e9niors<\/td><td class=\"column-3\">Vendredi<\/td><td class=\"column-4\">14h45-15h45<\/td><td class=\"column-5\"><a href=\"mailto:gym_douce@asl-stpryve.fr\">gym_douce@asl-stpryve.fr<\/a><\/td>\n<\/tr>\n<tr class=\"row-45\">\n\t<td class=\"column-1\">BE3<\/td><td class=\"column-2\">Gym Douce s\u00e9niors<\/td><td class=\"column-3\">Vendredi<\/td><td class=\"column-4\">10h00-11h00<\/td><td class=\"column-5\"><a href=\"mailto:gym_douce_seniors@asl-stpryve.fr\">gym_douce_seniors@asl-stpryve.fr<\/a><\/td>\n<\/tr>\n<tr class=\"row-46\">\n\t<td class=\"column-1\">BE4<\/td><td class=\"column-2\">Sophrologie<\/td><td class=\"column-3\">Lundi<\/td><td class=\"column-4\">19h05-20h05<\/td><td class=\"column-5\"><a href=\"mailto:sophrologie@asl-stpryve.fr\">sophrologie@asl-stpryve.fr<\/a><\/td>\n<\/tr>\n<tr class=\"row-47\">\n\t<td class=\"column-1\">BE5<\/td><td class=\"column-2\">Pilates Soft<\/td><td class=\"column-3\">Lundi<\/td><td class=\"column-4\">10h00-11h00<\/td><td class=\"column-5\"><a href=\"mailto:pilates3@asl-stpryve.fr\">pilates3@asl-stpryve.fr<\/a><\/td>\n<\/tr>\n<tr class=\"row-48\">\n\t<td class=\"column-1\">BE6<\/td><td class=\"column-2\">Pilates Soft<\/td><td class=\"column-3\">Lundi<\/td><td class=\"column-4\">11h00-12h00<\/td><td class=\"column-5\"><a href=\"mailto:pilates3@asl-stpryve.fr\">pilates3@asl-stpryve.fr<\/a><\/td>\n<\/tr>\n<tr class=\"row-49\">\n\t<td class=\"column-1\">BE7<\/td><td class=\"column-2\">Yoga S\u00e9niors<\/td><td class=\"column-3\">Jeudi<\/td><td class=\"column-4\">10h15-11h45<\/td><td class=\"column-5\"><a href=\"mailto:yoga_seniors@asl-stpryve.fr\">yoga_seniors@asl-stpryve.fr<\/a><\/td>\n<\/tr>\n<tr class=\"row-50\">\n\t<td class=\"column-1\">BE8<\/td><td class=\"column-2\">Equilibre Corps et Mental<\/td><td class=\"column-3\">Vendredi<\/td><td class=\"column-4\">14h00-15h30<\/td><td class=\"column-5\"><a href=\"mailto:ecm@asl-stpryve.fr\">ecm@asl-stpryve.fr<\/a><\/td>\n<\/tr>\n<tr class=\"row-51\">\n\t<td class=\"column-1\">DA1<\/td><td class=\"column-2\">Danse en Ligne<\/td><td class=\"column-3\">Jeudi<\/td><td class=\"column-4\">17h00-18h30<\/td><td class=\"column-5\"><a href=\"mailto:danse_en_ligne@asl-stpryve.fr\">danse_en_ligne@asl-stpryve.fr<\/a><\/td>\n<\/tr>\n<tr class=\"row-52\">\n\t<td class=\"column-1\">DA2<\/td><td class=\"column-2\">Danse en Ligne<\/td><td class=\"column-3\">Jeudi<\/td><td class=\"column-4\">19h00-20h30<\/td><td class=\"column-5\"><a href=\"mailto:danse_en_ligne@asl-stpryve.fr\">danse_en_ligne@asl-stpryve.fr<\/a><\/td>\n<\/tr>\n<tr class=\"row-53\">\n\t<td class=\"column-1\">DA3<\/td><td class=\"column-2\">Hip-Hop<\/td><td class=\"column-3\">Lundi<\/td><td class=\"column-4\">18h30-20h00<\/td><td class=\"column-5\"><a href=\"mailto:hip-hop@asl-stpryve.fr\">hip-hop@asl-stpryve.fr<\/a><\/td>\n<\/tr>\n<tr class=\"row-54\">\n\t<td class=\"column-1\">DA4<\/td><td class=\"column-2\">Hip-Hop<\/td><td class=\"column-3\">Mercredi<\/td><td class=\"column-4\">15h15-16h15<\/td><td class=\"column-5\"><a href=\"mailto:hip-hop@asl-stpryve.fr\">hip-hop@asl-stpryve.fr<\/a><\/td>\n<\/tr>\n<tr class=\"row-55\">\n\t<td class=\"column-1\">DA5<\/td><td class=\"column-2\">Zumba<\/td><td class=\"column-3\">Mercredi<\/td><td class=\"column-4\">19h30-20h30<\/td><td class=\"column-5\"><a href=\"mailto:zumba@asl-stpryve.fr\">zumba@asl-stpryve.fr<\/a><\/td>\n<\/tr>\n<tr class=\"row-56\">\n\t<td class=\"column-1\">DA6<\/td><td class=\"column-2\">Cardio-danse<\/td><td class=\"column-3\">Vendredi<\/td><td class=\"column-4\">18h30-19h30<\/td><td class=\"column-5\"><a href=\"mailto:cardio-danse@aslstpryve.fr\">cardio-danse@aslstpryve.fr<\/a><\/td>\n<\/tr>\n<tr class=\"row-57\">\n\t<td class=\"column-1\">LO1<\/td><td class=\"column-2\">Scrapbooking<\/td><td class=\"column-3\">Mardi ou Vendredi<\/td><td class=\"column-4\">13h30-16h30<\/td><td class=\"column-5\"><a href=\"mailto:scrapbooking@asl-stpryve.fr\">scrapbooking@asl-stpryve.fr<\/a><\/td>\n<\/tr>\n<tr class=\"row-58\">\n\t<td class=\"column-1\">LO2<\/td><td class=\"column-2\">Couture adultes<\/td><td class=\"column-3\">1er lundi du mois<\/td><td class=\"column-4\">18h00-20h00<\/td><td class=\"column-5\"><a href=\"mailto:couture@asl-stpryve.fr\">couture@asl-stpryve.fr<\/a><\/td>\n<\/tr>\n<tr class=\"row-59\">\n\t<td class=\"column-1\">LO3<\/td><td class=\"column-2\">Couture enfants<\/td><td class=\"column-3\">1er mercredi<\/td><td class=\"column-4\">14h00-16h00<\/td><td class=\"column-5\"><a href=\"mailto:couture@asl-stpryve.fr\">couture@asl-stpryve.fr<\/a><\/td>\n<\/tr>\n<tr class=\"row-60\">\n\t<td class=\"column-1\">LO4<\/td><td class=\"column-2\">Dessin-Arts plastiques 4\/7 ans<\/td><td class=\"column-3\">Mercredi<\/td><td class=\"column-4\">14h00-4h45<\/td><td class=\"column-5\"><a href=\"mailto:dessin@asl-stpryve.fr\">dessin@asl-stpryve.fr<\/a><\/td>\n<\/tr>\n<tr class=\"row-61\">\n\t<td class=\"column-1\">LO5<\/td><td class=\"column-2\">Dessin-Arts plastiques 8\/10 ans<\/td><td class=\"column-3\">Mercredi<\/td><td class=\"column-4\">15h00-15h45<\/td><td class=\"column-5\"><a href=\"mailto:dessin@asl-stpryve.fr\">dessin@asl-stpryve.fr<\/a><\/td>\n<\/tr>\n<tr class=\"row-62\">\n\t<td class=\"column-1\">LO6<\/td><td class=\"column-2\">Dessin-Arts plastiques +11 ans<\/td><td class=\"column-3\">Mercredi<\/td><td class=\"column-4\">16h-17h15<\/td><td class=\"column-5\"><a href=\"mailto:dessin@asl-stpryve.fr\">dessin@asl-stpryve.fr<\/a><\/td>\n<\/tr>\n<\/tbody>\n<\/table>\n\n","protected":false},"excerpt":{"rendered":"<p>Vous pouvez joindre le secr\u00e9tariat au 02 38 66 44 78 ou par mail \u00e0 aslstpryve@gmail.com Vous pouvez \u00e9galement contacter [&hellip;]<\/p>\n","protected":false},"author":1,"featured_media":0,"parent":0,"menu_order":0,"comment_status":"closed","ping_status":"closed","template":"templates\/template-cover.php","meta":{"site-sidebar-layout":"default","site-content-layout":"","ast-site-content-layout":"default","site-content-style":"default","site-sidebar-style":"default","ast-global-header-display":"","ast-banner-title-visibility":"","ast-main-header-display":"","ast-hfb-above-header-display":"","ast-hfb-below-header-display":"","ast-hfb-mobile-header-display":"","site-post-title":"","ast-breadcrumbs-content":"","ast-featured-img":"","footer-sml-layout":"","ast-disable-related-posts":"","theme-transparent-header-meta":"","adv-header-id-meta":"","stick-header-meta":"","header-above-stick-meta":"","header-main-stick-meta":"","header-below-stick-meta":"","astra-migrate-meta-layouts":"default","ast-page-background-enabled":"default","ast-page-background-meta":{"desktop":{"background-color":"var(--ast-global-color-5)","background-image":"","background-repeat":"repeat","background-position":"center center","background-size":"auto","background-attachment":"scroll","background-type":"","background-media":"","overlay-type":"","overlay-color":"","overlay-opacity":"","overlay-gradient":""},"tablet":{"background-color":"","background-image":"","background-repeat":"repeat","background-position":"center center","background-size":"auto","background-attachment":"scroll","background-type":"","background-media":"","overlay-type":"","overlay-color":"","overlay-opacity":"","overlay-gradient":""},"mobile":{"background-color":"","background-image":"","background-repeat":"repeat","background-position":"center center","background-size":"auto","background-attachment":"scroll","background-type":"","background-media":"","overlay-type":"","overlay-color":"","overlay-opacity":"","overlay-gradient":""}},"ast-content-background-meta":{"desktop":{"background-color":"var(--ast-global-color-4)","background-image":"","background-repeat":"repeat","background-position":"center center","background-size":"auto","background-attachment":"scroll","background-type":"","background-media":"","overlay-type":"","overlay-color":"","overlay-opacity":"","overlay-gradient":""},"tablet":{"background-color":"var(--ast-global-color-4)","background-image":"","background-repeat":"repeat","background-position":"center center","background-size":"auto","background-attachment":"scroll","background-type":"","background-media":"","overlay-type":"","overlay-color":"","overlay-opacity":"","overlay-gradient":""},"mobile":{"background-color":"var(--ast-global-color-4)","background-image":"","background-repeat":"repeat","background-position":"center center","background-size":"auto","background-attachment":"scroll","background-type":"","background-media":"","overlay-type":"","overlay-color":"","overlay-opacity":"","overlay-gradient":""}},"footnotes":""},"class_list":["post-1198","page","type-page","status-publish","hentry"],"jetpack_sharing_enabled":true,"_links":{"self":[{"href":"https:\/\/asl-stpryve.fr\/index.php\/wp-json\/wp\/v2\/pages\/1198","targetHints":{"allow":["GET"]}}],"collection":[{"href":"https:\/\/asl-stpryve.fr\/index.php\/wp-json\/wp\/v2\/pages"}],"about":[{"href":"https:\/\/asl-stpryve.fr\/index.php\/wp-json\/wp\/v2\/types\/page"}],"author":[{"embeddable":true,"href":"https:\/\/asl-stpryve.fr\/index.php\/wp-json\/wp\/v2\/users\/1"}],"replies":[{"embeddable":true,"href":"https:\/\/asl-stpryve.fr\/index.php\/wp-json\/wp\/v2\/comments?post=1198"}],"version-history":[{"count":27,"href":"https:\/\/asl-stpryve.fr\/index.php\/wp-json\/wp\/v2\/pages\/1198\/revisions"}],"predecessor-version":[{"id":2924,"href":"https:\/\/asl-stpryve.fr\/index.php\/wp-json\/wp\/v2\/pages\/1198\/revisions\/2924"}],"wp:attachment":[{"href":"https:\/\/asl-stpryve.fr\/index.php\/wp-json\/wp\/v2\/media?parent=1198"}],"curies":[{"name":"wp","href":"https:\/\/api.w.org\/{rel}","templated":true}]}}